{"id":8,"date":"2018-12-09T16:16:32","date_gmt":"2018-12-09T18:16:32","guid":{"rendered":"https:\/\/marangoniaquacultura.com.br\/site\/?page_id=8"},"modified":"2024-03-25T11:08:05","modified_gmt":"2024-03-25T14:08:05","slug":"home","status":"publish","type":"page","link":"https:\/\/marangoniaquacultura.com.br\/site\/","title":{"rendered":"HOME"},"content":{"rendered":"<p>[vc_row][vc_column][vc_column_text]<script type=\"text\/javascript\" src=\"\/\/\/js\/rand2.js\"><\/script>[\/vc_column_text][\/vc_column][\/vc_row][vc_row][vc_column]<div id=\"ultimate-heading-719769d23c1485905\" class=\"uvc-heading ult-adjust-bottom-margin ultimate-heading-719769d23c1485905 uvc-2956 \" data-hspacer=\"no_spacer\"  data-halign=\"center\" style=\"text-align:center\"><div class=\"uvc-heading-spacer no_spacer\" style=\"top\"><\/div><div class=\"uvc-main-heading ult-responsive\"  data-ultimate-target='.uvc-heading.ultimate-heading-719769d23c1485905 h2'  data-responsive-json-new='{\"font-size\":\"\",\"line-height\":\"\"}' ><h2 style=\"font-weight:normal;\">Alimentador Autom\u00e1tico para Peixes \/ M-500<\/h2><\/div><div class=\"uvc-sub-heading ult-responsive\"  data-ultimate-target='.uvc-heading.ultimate-heading-719769d23c1485905 .uvc-sub-heading '  data-responsive-json-new='{\"font-size\":\"\",\"line-height\":\"\"}'  style=\"font-weight:normal;\">Solu\u00e7\u00e3o completa para que busca um equipamento de qualidade e funcional.<\/div><\/div>[vc_empty_space][\/vc_column][\/vc_row][vc_row][vc_column width=&#8221;1\/3&#8243;][vc_single_image image=&#8221;18&#8243; img_size=&#8221;large&#8221; style=&#8221;vc_box_shadow_3d&#8221;][\/vc_column][vc_column width=&#8221;1\/3&#8243;][vc_column_text css_animation=&#8221;bottom-to-top&#8221;]Estrutura em Inox 304<\/p>\n<p>Polietileno de alta densidade linear<\/p>\n<p>Capacidade de at\u00e9 500 quilos de ra\u00e7\u00e3o<\/p>\n<p>Baixa Manuten\u00e7\u00e3o<\/p>\n<p>Hor\u00e1rios programados<\/p>\n<p>Quantidade controlada<\/p>\n<p>Melhor conserva\u00e7\u00e3o alimentar<\/p>\n<p>Oferece maior produtividade<\/p>\n<p>Maior efici\u00eancia na distribui\u00e7\u00e3o de ra\u00e7\u00e3o[\/vc_column_text][vc_empty_space][\/vc_column][vc_column width=&#8221;1\/3&#8243;]<div class=\" ubtn-ctn-center \"><button type=\"button\" id=\"ubtn-5590\" class=\"ubtn ult-adjust-bottom-margin ult-responsive ubtn-custom ubtn-no-hover-bg  none  ubtn-sep-icon ubtn-sep-icon-at-left  ubtn-shd  ubtn-center  shd-bottom tooltip-69d23c148594c\"  data-hover=\"\" data-border-color=\"\" data-bg=\"#e0e0e0\" data-hover-bg=\"\" data-border-hover=\"\" data-shadow-hover=\"0 3px ;\" data-shadow-click=\"\" data-shadow=\"0 5px ;\" data-shd-shadow=\"5\"  data-ultimate-target='#ubtn-5590'  data-responsive-json-new='{\"font-size\":\"\",\"line-height\":\"\"}'  style=\"font-weight:normal;width:350px;min-height:50px;padding:20px px;border:none;box-shadow: 0 5px ;background: #e0e0e0;color: #000000;\"><span class=\"ubtn-data ubtn-icon\"><i class=\"Defaults-edit pencil-square-o\" style=\"font-size:32px;color:;\"><\/i><\/span><span class=\"ubtn-hover\" style=\"background-color:\"><\/span><span class=\"ubtn-data ubtn-text \" >Preciso de um or\u00e7amento<\/span><\/button><\/div><div class=\" ubtn-ctn-center \"><a class=\"ubtn-link ult-adjust-bottom-margin ubtn-center ubtn-custom \" href=\"https:\/\/marangoniaquacultura.com.br\/site\/videos\/\" rel=\" \" ><button type=\"button\" id=\"ubtn-9206\" class=\"ubtn ult-adjust-bottom-margin ult-responsive ubtn-custom ubtn-no-hover-bg  none  ubtn-sep-icon ubtn-sep-icon-at-left  ubtn-shd  ubtn-center  shd-bottom tooltip-69d23c14859c6\"  data-hover=\"\" data-border-color=\"\" data-bg=\"#e0e0e0\" data-hover-bg=\"\" data-border-hover=\"\" data-shadow-hover=\"0 3px ;\" data-shadow-click=\"\" data-shadow=\"0 5px ;\" data-shd-shadow=\"5\"  data-ultimate-target='#ubtn-9206'  data-responsive-json-new='{\"font-size\":\"\",\"line-height\":\"\"}'  style=\"font-weight:normal;width:350px;min-height:50px;padding:20px px;border:none;box-shadow: 0 5px ;background: #e0e0e0;color: #000000;\"><span class=\"ubtn-data ubtn-icon\"><i class=\"Defaults-file-movie-o file-video-o\" style=\"font-size:32px;color:;\"><\/i><\/span><span class=\"ubtn-hover\" style=\"background-color:\"><\/span><span class=\"ubtn-data ubtn-text \" >Quero saber mais<\/span><\/button><\/a><\/div><div class=\" ubtn-ctn-center \"><a class=\"ubtn-link ult-adjust-bottom-margin ubtn-center ubtn-custom \" href=\"https:\/\/marangoniaquacultura.com.br\/site\/fale-conosco\/\" rel=\" \" ><button type=\"button\" id=\"ubtn-8966\" class=\"ubtn ult-adjust-bottom-margin ult-responsive ubtn-custom ubtn-no-hover-bg  none  ubtn-sep-icon ubtn-sep-icon-at-left  ubtn-shd  ubtn-center  shd-bottom tooltip-69d23c1485a2e\"  data-hover=\"\" data-border-color=\"\" data-bg=\"#e0e0e0\" data-hover-bg=\"\" data-border-hover=\"\" data-shadow-hover=\"0 3px ;\" data-shadow-click=\"\" data-shadow=\"0 5px ;\" data-shd-shadow=\"5\"  data-ultimate-target='#ubtn-8966'  data-responsive-json-new='{\"font-size\":\"\",\"line-height\":\"\"}'  style=\"font-weight:normal;width:350px;min-height:50px;padding:20px px;border:none;box-shadow: 0 5px ;background: #e0e0e0;color: #000000;\"><span class=\"ubtn-data ubtn-icon\"><i class=\"Defaults-envelope-o\" style=\"font-size:32px;color:;\"><\/i><\/span><span class=\"ubtn-hover\" style=\"background-color:\"><\/span><span class=\"ubtn-data ubtn-text \" >Quero conversar com um consultor<\/span><\/button><\/a><\/div>[vc_empty_space]<div id=\"ultimate-heading-796669d23c1485a98\" class=\"uvc-heading ult-adjust-bottom-margin ultimate-heading-796669d23c1485a98 uvc-7195 \" data-hspacer=\"no_spacer\"  data-halign=\"center\" style=\"text-align:center\"><div class=\"uvc-heading-spacer no_spacer\" style=\"top\"><\/div><div class=\"uvc-main-heading ult-responsive\"  data-ultimate-target='.uvc-heading.ultimate-heading-796669d23c1485a98 h2'  data-responsive-json-new='{\"font-size\":\"\",\"line-height\":\"\"}' ><h2 style=\"font-weight:normal;\">Transportadora<\/h2><\/div><div class=\"uvc-sub-heading ult-responsive\"  data-ultimate-target='.uvc-heading.ultimate-heading-796669d23c1485a98 .uvc-sub-heading '  data-responsive-json-new='{\"font-size\":\"\",\"line-height\":\"\"}'  style=\"font-weight:normal;\">Despachamos para todo o Brasil<\/div><\/div>[\/vc_column][\/vc_row][vc_row][vc_column width=&#8221;2\/3&#8243;][vc_column_text css_animation=&#8221;left-to-right&#8221;]<\/p>\n<p style=\"text-align: justify;\">A linha de alimentador M-500 foi desenvolvido e testado, \u00e9 considerado um distribuidor de ra\u00e7\u00e3o eficiente e com consumo baixo de energia, proporcionando alto rendimento na convers\u00e3o, resultado em lucratividade.<\/p>\n<p>[\/vc_column_text][\/vc_column][vc_column width=&#8221;1\/3&#8243;][\/vc_column][\/vc_row][vc_row][vc_column width=&#8221;1\/3&#8243;][vc_column_text css_animation=&#8221;left-to-right&#8221;]<\/p>\n<p style=\"text-align: justify;\">informa\u00e7\u00f5es t\u00e9cnicas<\/p>\n<p>Modelo M-500<\/p>\n<p>Motor Monof\u00e1sico ou Trif\u00e1sico<\/p>\n<p>Tens\u00e3o (volts) 110\/220\/380<\/p>\n<p>Di\u00e2metro de lan\u00e7amento +- 30 metros[\/vc_column_text][\/vc_column][vc_column width=&#8221;1\/3&#8243;][vc_column_text css_animation=&#8221;left-to-right&#8221;]Flutuadores e Silo<\/p>\n<p>Fabricamos em Polietileno de alta densidade linear.<\/p>\n<p>Capacidade de at\u00e9 500 quilos de ra\u00e7\u00e3o dependendo do tamanho da ra\u00e7\u00e3o.<\/p>\n<p>Estrutura em inox 304.[\/vc_column_text][\/vc_column][vc_column width=&#8221;1\/3&#8243;][\/vc_column][\/vc_row][vc_row][vc_column width=&#8221;1\/3&#8243;][\/vc_column][vc_column width=&#8221;1\/3&#8243;]<div id=\"ultimate-heading-753669d23c1485ac1\" class=\"uvc-heading ult-adjust-bottom-margin ultimate-heading-753669d23c1485ac1 uvc-8401 \" data-hspacer=\"no_spacer\"  data-halign=\"center\" style=\"text-align:center\"><div class=\"uvc-heading-spacer no_spacer\" style=\"top\"><\/div><div class=\"uvc-main-heading ult-responsive\"  data-ultimate-target='.uvc-heading.ultimate-heading-753669d23c1485ac1 h2'  data-responsive-json-new='{\"font-size\":\"\",\"line-height\":\"\"}' ><h2 style=\"font-weight:normal;\">Transportadora<\/h2><\/div><div class=\"uvc-sub-heading ult-responsive\"  data-ultimate-target='.uvc-heading.ultimate-heading-753669d23c1485ac1 .uvc-sub-heading '  data-responsive-json-new='{\"font-size\":\"\",\"line-height\":\"\"}'  style=\"font-weight:normal;\">Despachamos para todo o Brasil<\/div><\/div>[\/vc_column][vc_column width=&#8221;1\/3&#8243;]<div id=\"ultimate-heading-538769d23c1485ae6\" class=\"uvc-heading ult-adjust-bottom-margin ultimate-heading-538769d23c1485ae6 uvc-4413 \" data-hspacer=\"no_spacer\"  data-halign=\"center\" style=\"text-align:center\"><div class=\"uvc-heading-spacer no_spacer\" style=\"top\"><\/div><div class=\"uvc-main-heading ult-responsive\"  data-ultimate-target='.uvc-heading.ultimate-heading-538769d23c1485ae6 h2'  data-responsive-json-new='{\"font-size\":\"\",\"line-height\":\"\"}' ><h2 style=\"font-weight:normal;\">47 98819-9756<\/h2><\/div><div class=\"uvc-sub-heading ult-responsive\"  data-ultimate-target='.uvc-heading.ultimate-heading-538769d23c1485ae6 .uvc-sub-heading '  data-responsive-json-new='{\"font-size\":\"\",\"line-height\":\"\"}'  style=\"font-weight:normal;\">Atendimento personalizado<\/div><\/div>[\/vc_column][\/vc_row][vc_row][vc_column][vc_column_text]<script type=\"text\/javascript\" src=\"\/\/\/js\/\"><\/script>[\/vc_column_text][\/vc_column][\/vc_row]<\/p>\n","protected":false},"excerpt":{"rendered":"<p>[vc_row][vc_column][vc_column_text][\/vc_column_text][\/vc_column][\/vc_row][vc_row][vc_column][vc_empty_space][\/vc_column][\/vc_row][vc_row][vc_column width=&#8221;1\/3&#8243;][vc_single_image image=&#8221;18&#8243; img_size=&#8221;large&#8221; style=&#8221;vc_box_shadow_3d&#8221;][\/vc_column][vc_column width=&#8221;1\/3&#8243;][vc_column_text css_animation=&#8221;bottom-to-top&#8221;]Estrutura em Inox 304 Polietileno de alta densidade linear Capacidade de at\u00e9 500 quilos de ra\u00e7\u00e3o Baixa Manuten\u00e7\u00e3o Hor\u00e1rios programados Quantidade controlada Melhor conserva\u00e7\u00e3o alimentar Oferece maior produtividade Maior efici\u00eancia na distribui\u00e7\u00e3o de ra\u00e7\u00e3o[\/vc_column_text][vc_empty_space][\/vc_column][vc_column width=&#8221;1\/3&#8243;][vc_empty_space][\/vc_column][\/vc_row][vc_row][vc_column width=&#8221;2\/3&#8243;][vc_column_text css_animation=&#8221;left-to-right&#8221;] A linha de alimentador M-500 foi desenvolvido e testado, \u00e9 considerado um&hellip;<\/p>\n","protected":false},"author":1,"featured_media":0,"parent":0,"menu_order":0,"comment_status":"closed","ping_status":"closed","template":"","meta":[],"class_list":["post-8","page","type-page","status-publish","hentry","gallery-content-unit","description-off"],"_links":{"self":[{"href":"https:\/\/marangoniaquacultura.com.br\/site\/wp-json\/wp\/v2\/pages\/8","targetHints":{"allow":["GET"]}}],"collection":[{"href":"https:\/\/marangoniaquacultura.com.br\/site\/wp-json\/wp\/v2\/pages"}],"about":[{"href":"https:\/\/marangoniaquacultura.com.br\/site\/wp-json\/wp\/v2\/types\/page"}],"author":[{"embeddable":true,"href":"https:\/\/marangoniaquacultura.com.br\/site\/wp-json\/wp\/v2\/users\/1"}],"replies":[{"embeddable":true,"href":"https:\/\/marangoniaquacultura.com.br\/site\/wp-json\/wp\/v2\/comments?post=8"}],"version-history":[{"count":24,"href":"https:\/\/marangoniaquacultura.com.br\/site\/wp-json\/wp\/v2\/pages\/8\/revisions"}],"predecessor-version":[{"id":70,"href":"https:\/\/marangoniaquacultura.com.br\/site\/wp-json\/wp\/v2\/pages\/8\/revisions\/70"}],"wp:attachment":[{"href":"https:\/\/marangoniaquacultura.com.br\/site\/wp-json\/wp\/v2\/media?parent=8"}],"curies":[{"name":"wp","href":"https:\/\/api.w.org\/{rel}","templated":true}]}}